{"id":1950,"date":"2025-08-20T13:42:58","date_gmt":"2025-08-20T11:42:58","guid":{"rendered":"https:\/\/lasoleiade.fr\/?page_id=1950"},"modified":"2026-04-23T21:37:58","modified_gmt":"2026-04-23T19:37:58","slug":"desserts","status":"publish","type":"page","link":"https:\/\/lasoleiade.fr\/?page_id=1950","title":{"rendered":"Desserts"},"content":{"rendered":"\t\t<div data-elementor-type=\"wp-page\" data-elementor-id=\"1950\" class=\"elementor elementor-1950\">\n\t\t\t\t\t\t<section class=\"elementor-section elementor-top-section elementor-element elementor-element-839550d elementor-section-full_width elementor-section-height-default elementor-section-height-default\" data-id=\"839550d\" data-element_type=\"section\" data-e-type=\"section\" data-settings=\"{&quot;background_background&quot;:&quot;classic&quot;}\">\n\t\t\t\t\t\t<div class=\"elementor-container elementor-column-gap-default\">\n\t\t\t\t\t<div class=\"elementor-column elementor-col-16 elementor-top-column elementor-element elementor-element-cf71a07\" data-id=\"cf71a07\" data-element_type=\"column\" data-e-type=\"column\">\n\t\t\t<div class=\"elementor-widget-wrap elementor-element-populated\">\n\t\t\t\t\t\t<div class=\"elementor-element elementor-element-6f59744 elementor-widget elementor-widget-image\" data-id=\"6f59744\" data-element_type=\"widget\" data-e-type=\"widget\" data-widget_type=\"image.default\">\n\t\t\t\t<div class=\"elementor-widget-container\">\n\t\t\t\t\t\t\t\t\t\t\t\t\t\t\t\t<a href=\"https:\/\/lasoleiade.fr\/?page_id=147\">\n\t\t\t\t\t\t\t<img fetchpriority=\"high\" decoding=\"async\" width=\"525\" height=\"371\" src=\"https:\/\/lasoleiade.fr\/wp-content\/uploads\/2025\/10\/logo_soleiade_Plan-de-travail-1-copie-8-1024x724.png\" class=\"attachment-large size-large wp-image-2450\" alt=\"\" srcset=\"https:\/\/lasoleiade.fr\/wp-content\/uploads\/2025\/10\/logo_soleiade_Plan-de-travail-1-copie-8-1024x724.png 1024w, https:\/\/lasoleiade.fr\/wp-content\/uploads\/2025\/10\/logo_soleiade_Plan-de-travail-1-copie-8-300x212.png 300w, https:\/\/lasoleiade.fr\/wp-content\/uploads\/2025\/10\/logo_soleiade_Plan-de-travail-1-copie-8-768x543.png 768w, https:\/\/lasoleiade.fr\/wp-content\/uploads\/2025\/10\/logo_soleiade_Plan-de-travail-1-copie-8-1536x1086.png 1536w, https:\/\/lasoleiade.fr\/wp-content\/uploads\/2025\/10\/logo_soleiade_Plan-de-travail-1-copie-8-2048x1448.png 2048w\" sizes=\"100vw\" \/>\t\t\t\t\t\t\t\t<\/a>\n\t\t\t\t\t\t\t\t\t\t\t\t\t\t\t<\/div>\n\t\t\t\t<\/div>\n\t\t\t\t\t<\/div>\n\t\t<\/div>\n\t\t\t\t<div class=\"elementor-column elementor-col-16 elementor-top-column elementor-element elementor-element-e3e63c8\" data-id=\"e3e63c8\" data-element_type=\"column\" data-e-type=\"column\">\n\t\t\t<div class=\"elementor-widget-wrap elementor-element-populated\">\n\t\t\t\t\t\t<div class=\"elementor-element elementor-element-9276e64 elementor-align-justify elementor-widget elementor-widget-button\" data-id=\"9276e64\" data-element_type=\"widget\" data-e-type=\"widget\" data-widget_type=\"button.default\">\n\t\t\t\t<div class=\"elementor-widget-container\">\n\t\t\t\t\t\t\t\t\t<div class=\"elementor-button-wrapper\">\n\t\t\t\t\t<a class=\"elementor-button elementor-button-link elementor-size-sm\" href=\"https:\/\/lasoleiade.fr\/?page_id=1411\">\n\t\t\t\t\t\t<span class=\"elementor-button-content-wrapper\">\n\t\t\t\t\t\t\t\t\t<span class=\"elementor-button-text\">VINS &amp; BOISSONS<\/span>\n\t\t\t\t\t<\/span>\n\t\t\t\t\t<\/a>\n\t\t\t\t<\/div>\n\t\t\t\t\t\t\t\t<\/div>\n\t\t\t\t<\/div>\n\t\t\t\t\t<\/div>\n\t\t<\/div>\n\t\t\t\t<div class=\"elementor-column elementor-col-16 elementor-top-column elementor-element elementor-element-99525bd\" data-id=\"99525bd\" data-element_type=\"column\" data-e-type=\"column\">\n\t\t\t<div class=\"elementor-widget-wrap elementor-element-populated\">\n\t\t\t\t\t\t<div class=\"elementor-element elementor-element-c396f59 elementor-align-justify elementor-widget elementor-widget-button\" data-id=\"c396f59\" data-element_type=\"widget\" data-e-type=\"widget\" data-widget_type=\"button.default\">\n\t\t\t\t<div class=\"elementor-widget-container\">\n\t\t\t\t\t\t\t\t\t<div class=\"elementor-button-wrapper\">\n\t\t\t\t\t<a class=\"elementor-button elementor-button-link elementor-size-sm\" href=\"https:\/\/lasoleiade.fr\/?page_id=745\">\n\t\t\t\t\t\t<span class=\"elementor-button-content-wrapper\">\n\t\t\t\t\t\t\t\t\t<span class=\"elementor-button-text\">MENUS<\/span>\n\t\t\t\t\t<\/span>\n\t\t\t\t\t<\/a>\n\t\t\t\t<\/div>\n\t\t\t\t\t\t\t\t<\/div>\n\t\t\t\t<\/div>\n\t\t\t\t\t<\/div>\n\t\t<\/div>\n\t\t\t\t<div class=\"elementor-column elementor-col-16 elementor-top-column elementor-element elementor-element-e4906d7\" data-id=\"e4906d7\" data-element_type=\"column\" data-e-type=\"column\">\n\t\t\t<div class=\"elementor-widget-wrap elementor-element-populated\">\n\t\t\t\t\t\t<div class=\"elementor-element elementor-element-4481b0c elementor-align-justify elementor-widget elementor-widget-button\" data-id=\"4481b0c\" data-element_type=\"widget\" data-e-type=\"widget\" data-widget_type=\"button.default\">\n\t\t\t\t<div class=\"elementor-widget-container\">\n\t\t\t\t\t\t\t\t\t<div class=\"elementor-button-wrapper\">\n\t\t\t\t\t<a class=\"elementor-button elementor-button-link elementor-size-sm\" href=\"https:\/\/lasoleiade.fr\/?page_id=1930\">\n\t\t\t\t\t\t<span class=\"elementor-button-content-wrapper\">\n\t\t\t\t\t\t\t\t\t<span class=\"elementor-button-text\">SP\u00c9CIALIT\u00c9S &amp; TRUFFES<\/span>\n\t\t\t\t\t<\/span>\n\t\t\t\t\t<\/a>\n\t\t\t\t<\/div>\n\t\t\t\t\t\t\t\t<\/div>\n\t\t\t\t<\/div>\n\t\t\t\t\t<\/div>\n\t\t<\/div>\n\t\t\t\t<div class=\"elementor-column elementor-col-16 elementor-top-column elementor-element elementor-element-ca4446d\" data-id=\"ca4446d\" data-element_type=\"column\" data-e-type=\"column\">\n\t\t\t<div class=\"elementor-widget-wrap elementor-element-populated\">\n\t\t\t\t\t\t<div class=\"elementor-element elementor-element-4cd7198 elementor-align-justify elementor-widget elementor-widget-button\" data-id=\"4cd7198\" data-element_type=\"widget\" data-e-type=\"widget\" data-widget_type=\"button.default\">\n\t\t\t\t<div class=\"elementor-widget-container\">\n\t\t\t\t\t\t\t\t\t<div class=\"elementor-button-wrapper\">\n\t\t\t\t\t<a class=\"elementor-button elementor-button-link elementor-size-sm\" href=\"https:\/\/lasoleiade.fr\/?page_id=53\">\n\t\t\t\t\t\t<span class=\"elementor-button-content-wrapper\">\n\t\t\t\t\t\t\t\t\t<span class=\"elementor-button-text\">PIZZAS<\/span>\n\t\t\t\t\t<\/span>\n\t\t\t\t\t<\/a>\n\t\t\t\t<\/div>\n\t\t\t\t\t\t\t\t<\/div>\n\t\t\t\t<\/div>\n\t\t\t\t\t<\/div>\n\t\t<\/div>\n\t\t\t\t<div class=\"elementor-column elementor-col-16 elementor-top-column elementor-element elementor-element-85fa9e0\" data-id=\"85fa9e0\" data-element_type=\"column\" data-e-type=\"column\">\n\t\t\t<div class=\"elementor-widget-wrap elementor-element-populated\">\n\t\t\t\t\t\t<div class=\"elementor-element elementor-element-7946d76 elementor-align-justify elementor-widget elementor-widget-button\" data-id=\"7946d76\" data-element_type=\"widget\" data-e-type=\"widget\" data-widget_type=\"button.default\">\n\t\t\t\t<div class=\"elementor-widget-container\">\n\t\t\t\t\t\t\t\t\t<div class=\"elementor-button-wrapper\">\n\t\t\t\t\t<a class=\"elementor-button elementor-button-link elementor-size-sm\" href=\"https:\/\/lasoleiade.fr\/?page_id=1950\">\n\t\t\t\t\t\t<span class=\"elementor-button-content-wrapper\">\n\t\t\t\t\t\t\t\t\t<span class=\"elementor-button-text\">DESSERTS<\/span>\n\t\t\t\t\t<\/span>\n\t\t\t\t\t<\/a>\n\t\t\t\t<\/div>\n\t\t\t\t\t\t\t\t<\/div>\n\t\t\t\t<\/div>\n\t\t\t\t\t<\/div>\n\t\t<\/div>\n\t\t\t\t\t<\/div>\n\t\t<\/section>\n\t\t\t\t<section class=\"elementor-section elementor-top-section elementor-element elementor-element-22a2414 elementor-section-boxed elementor-section-height-default elementor-section-height-default\" data-id=\"22a2414\" data-element_type=\"section\" data-e-type=\"section\">\n\t\t\t\t\t\t<div class=\"elementor-container elementor-column-gap-default\">\n\t\t\t\t\t<div class=\"elementor-column elementor-col-100 elementor-top-column elementor-element elementor-element-e017249\" data-id=\"e017249\" data-element_type=\"column\" data-e-type=\"column\">\n\t\t\t<div class=\"elementor-widget-wrap elementor-element-populated\">\n\t\t\t\t\t\t<div class=\"elementor-element elementor-element-9d944cb elementor-widget elementor-widget-spacer\" data-id=\"9d944cb\" data-element_type=\"widget\" data-e-type=\"widget\" data-widget_type=\"spacer.default\">\n\t\t\t\t<div class=\"elementor-widget-container\">\n\t\t\t\t\t\t\t<div class=\"elementor-spacer\">\n\t\t\t<div class=\"elementor-spacer-inner\"><\/div>\n\t\t<\/div>\n\t\t\t\t\t\t<\/div>\n\t\t\t\t<\/div>\n\t\t\t\t<div class=\"elementor-element elementor-element-e1b33b3 elementor-widget elementor-widget-text-editor\" data-id=\"e1b33b3\" data-element_type=\"widget\" data-e-type=\"widget\" data-widget_type=\"text-editor.default\">\n\t\t\t\t<div class=\"elementor-widget-container\">\n\t\t\t\t\t\t\t\t\t<ul><li><p>\u00a0<\/p><\/li><\/ul><p class=\"p2\" style=\"text-align: left;\"><strong><span class=\"s1\">Planche de fromages de No\u00eblle \u2022 15,00\u20ac<\/span><\/strong><\/p><p class=\"p3\" style=\"text-align: left;\"><strong>LE COIN DE DELPHINE<\/strong><span class=\"s2\"><i> dans le menu \u00e0 40\u20ac ou a la carte.<\/i><\/span><\/p><p style=\"text-align: left;\">Mousse au chocolat( blanc d&rsquo;oeuf)\u00a0 tr\u00e8s chocolat, chocolat chaud amandes &amp; noisettes \u2022 7\u20ac<\/p><p style=\"text-align: left;\">Assiette\u00a0 de fruits frais du moment \u2022 7\u20ac<\/p><p style=\"text-align: left;\">Cr\u00e8me Alpine aux fraises \u2022 6\u20ac<\/p><p>Tiramisu \u2022 6\u20ac<\/p><p>Coupe de fraises fra\u00eeche, au sucre. 6\u20ac<\/p><p class=\"p5\" style=\"text-align: left;\"><strong><span class=\"s3\">Glaces ou sorbets <\/span><\/strong><i><strong>2 boules de glace accompagn\u00e9es de cr\u00e8me Chantilly \u2022 6\u20ac\u00a0<\/strong><br \/>glaces.<\/i><i>vanille, chocolat, caf\u00e9, fraise, violette,marron, r\u00e9glisse, s\u00e9same noir, menthe-chocolat, <\/i><\/p><p class=\"p5\" style=\"text-align: left;\"><i>sorbets, <\/i><i>citron vert, cassis, citron jaune.<\/i><\/p><p class=\"p3\" style=\"text-align: left;\"><strong>LE COIN DES TR\u00c8S GOURMAND<\/strong> <span class=\"s2\"><i>en suppl\u00e9ment du menu <\/i><\/span>(la diff\u00e9rence entre votre choix et 6\u20ac)<\/p><p class=\"p3\" style=\"text-align: left;\"><strong><span class=\"s1\">Caf\u00e9, d\u00e9caf\u00e9in\u00e9, th\u00e9 ou infusion gourmand<br \/>et ses petits desserts surprises<\/span><\/strong> \u2022 9,00\u20ac<\/p><p style=\"text-align: left;\">Gaufre au sucre \u2022 9\u20ac<\/p><p style=\"text-align: left;\">Gaufre ard\u00e9choise cr\u00e8me de marrons chantilly \u2022 10\u20ac<\/p><p style=\"text-align: left;\">gaufre chocolat chaud chantilly \u2022 10\u20ac<\/p><p style=\"text-align: left;\">Gaufriterole, gaufre, 3 profiteroles, chocolat chaud, chantilly \u2022 18\u20ac<\/p><p>Fraise Melba ,fraises fra\u00eeche, 2 boules vanille , chantilly 10\u20ac<\/p><p>Banane Split, glace chocolat,vanille, fraise, banane fruits, chocolat chaud, chantilly 12\u20ac<\/p><p class=\"p5\" style=\"text-align: left;\"><strong><span class=\"s3\">Caf\u00e9 li\u00e9geois<br \/><\/span><\/strong><i>2 boules de glace au caf\u00e9, expresso et cr\u00e8me Chantilly<\/i> \u2022 10\u20ac<\/p><p class=\"p5\" style=\"text-align: left;\"><span class=\"s3\"><strong>Chocolat li\u00e9geois<\/strong><br \/><\/span><i>2 boules de glace au chocolat chaud maison et cr\u00e8me Chantilly<\/i><span class=\"s3\"> \u2022 10,00\u20ac<\/span><\/p><p class=\"p5\" style=\"text-align: left;\"><strong><span class=\"s3\">Vanille li\u00e9geoise<br \/><\/span><\/strong><i>2 boules de glace vanille, chocolat chaud maison et cr\u00e8me Chantilly<\/i><span class=\"s3\"> \u2022 10,00\u20ac<\/span><\/p><p class=\"p5\" style=\"text-align: left;\"><strong><span class=\"s3\">L\u2019ard\u00e9choise<br \/><\/span><\/strong><i>2 boules de glace vanille, cr\u00e8me de marrons et cr\u00e8me Chantilly<\/i><span class=\"s3\"> \u2022 10,00\u20ac<\/span><\/p><p class=\"p5\" style=\"text-align: left;\"><strong><span class=\"s3\">Pavlovas \u2022 9\u20ac<br \/><\/span><\/strong><span class=\"s3\">meringue, chantilly \u00e0<\/span><span class=\"s3\">\u00a0la cr\u00e8me de<\/span><i> marrons, glace marron. <\/i><strong>ou <\/strong>After eight, menthe chocolat, chocolat chaud <strong>ou<\/strong> fruits frais\u00a0 avec sorbet citron vert.<\/p><p class=\"p4\" style=\"text-align: left;\"><span class=\"s1\"><strong>3 Profiteroles<\/strong> accompagn\u00e9es de chocolat chaud maison et chantilly \u2022\u00a0 10,00\u20ac<\/span><\/p><p class=\"p3\" style=\"text-align: left;\"><strong>LES DESSERTS ALCOOLIS\u00c9S<\/strong><\/p><p class=\"p5\" style=\"text-align: left;\"><strong><span class=\"s3\">Colonel <\/span><\/strong><i>2 boules de glace au citron jaune, vodka, <\/i>4cl<i> \u2022<\/i><span class=\"s3\"> 14,00\u20ac<\/span><\/p><p><strong>Iceberg<\/strong> 2 boules de glace menthe chocolat, Get vert 4 cl. \u2022 14\u20ac00<\/p><p>Baba a la verveine Clavel 9\u20ac<\/p>\t\t\t\t\t\t\t\t<\/div>\n\t\t\t\t<\/div>\n\t\t\t\t\t<\/div>\n\t\t<\/div>\n\t\t\t\t\t<\/div>\n\t\t<\/section>\n\t\t\t\t<section class=\"elementor-section elementor-top-section elementor-element elementor-element-6f59fe4 elementor-section-boxed elementor-section-height-default elementor-section-height-default\" data-id=\"6f59fe4\" data-element_type=\"section\" data-e-type=\"section\" data-settings=\"{&quot;background_background&quot;:&quot;classic&quot;}\">\n\t\t\t\t\t\t<div class=\"elementor-container elementor-column-gap-default\">\n\t\t\t\t\t<div class=\"elementor-column elementor-col-33 elementor-top-column elementor-element elementor-element-cae5ae4\" data-id=\"cae5ae4\" data-element_type=\"column\" data-e-type=\"column\">\n\t\t\t<div class=\"elementor-widget-wrap elementor-element-populated\">\n\t\t\t\t\t\t<div class=\"elementor-element elementor-element-202db10 elementor-shape-circle elementor-grid-0 e-grid-align-center elementor-widget elementor-widget-social-icons\" data-id=\"202db10\" data-element_type=\"widget\" data-e-type=\"widget\" data-widget_type=\"social-icons.default\">\n\t\t\t\t<div class=\"elementor-widget-container\">\n\t\t\t\t\t\t\t<div class=\"elementor-social-icons-wrapper elementor-grid\">\n\t\t\t\t\t\t\t<span class=\"elementor-grid-item\">\n\t\t\t\t\t<a class=\"elementor-icon elementor-social-icon elementor-social-icon-facebook elementor-repeater-item-5bb82ec\" href=\"https:\/\/www.facebook.com\/Noelletmatthieu\" target=\"_blank\">\n\t\t\t\t\t\t<span class=\"elementor-screen-only\">Facebook<\/span>\n\t\t\t\t\t\t<i aria-hidden=\"true\" class=\"fab fa-facebook\"><\/i>\t\t\t\t\t<\/a>\n\t\t\t\t<\/span>\n\t\t\t\t\t<\/div>\n\t\t\t\t\t\t<\/div>\n\t\t\t\t<\/div>\n\t\t\t\t<div class=\"elementor-element elementor-element-543e977 elementor-widget elementor-widget-text-editor\" data-id=\"543e977\" data-element_type=\"widget\" data-e-type=\"widget\" data-widget_type=\"text-editor.default\">\n\t\t\t\t<div class=\"elementor-widget-container\">\n\t\t\t\t\t\t\t\t\t<p>Retrouvez nos vins coup de c\u0153ur, les suggestions du moment et notre menu carte sur Facebook<\/p>\t\t\t\t\t\t\t\t<\/div>\n\t\t\t\t<\/div>\n\t\t\t\t\t<\/div>\n\t\t<\/div>\n\t\t\t\t<div class=\"elementor-column elementor-col-33 elementor-top-column elementor-element elementor-element-22c91aa\" data-id=\"22c91aa\" data-element_type=\"column\" data-e-type=\"column\">\n\t\t\t<div class=\"elementor-widget-wrap elementor-element-populated\">\n\t\t\t\t\t\t<div class=\"elementor-element elementor-element-24bec6a elementor-view-default elementor-widget elementor-widget-icon\" data-id=\"24bec6a\" data-element_type=\"widget\" data-e-type=\"widget\" data-widget_type=\"icon.default\">\n\t\t\t\t<div class=\"elementor-widget-container\">\n\t\t\t\t\t\t\t<div class=\"elementor-icon-wrapper\">\n\t\t\t<div class=\"elementor-icon\">\n\t\t\t<i aria-hidden=\"true\" class=\"far fa-hourglass\"><\/i>\t\t\t<\/div>\n\t\t<\/div>\n\t\t\t\t\t\t<\/div>\n\t\t\t\t<\/div>\n\t\t\t\t<div class=\"elementor-element elementor-element-ed393fd elementor-widget elementor-widget-text-editor\" data-id=\"ed393fd\" data-element_type=\"widget\" data-e-type=\"widget\" data-widget_type=\"text-editor.default\">\n\t\t\t\t<div class=\"elementor-widget-container\">\n\t\t\t\t\t\t\t\t\t<p>Nos plats sont disponibles \u00e0 la vente \u00e0 emporter. Il est possible de commander jusqu&rsquo;\u00e0 19H00.<\/p>\t\t\t\t\t\t\t\t<\/div>\n\t\t\t\t<\/div>\n\t\t\t\t\t<\/div>\n\t\t<\/div>\n\t\t\t\t<div class=\"elementor-column elementor-col-33 elementor-top-column elementor-element elementor-element-d530483\" data-id=\"d530483\" data-element_type=\"column\" data-e-type=\"column\">\n\t\t\t<div class=\"elementor-widget-wrap elementor-element-populated\">\n\t\t\t\t\t\t<div class=\"elementor-element elementor-element-3aa5200 elementor-view-default elementor-widget elementor-widget-icon\" data-id=\"3aa5200\" data-element_type=\"widget\" data-e-type=\"widget\" data-widget_type=\"icon.default\">\n\t\t\t\t<div class=\"elementor-widget-container\">\n\t\t\t\t\t\t\t<div class=\"elementor-icon-wrapper\">\n\t\t\t<div class=\"elementor-icon\">\n\t\t\t<i aria-hidden=\"true\" class=\"fas fa-glass-cheers\"><\/i>\t\t\t<\/div>\n\t\t<\/div>\n\t\t\t\t\t\t<\/div>\n\t\t\t\t<\/div>\n\t\t\t\t<div class=\"elementor-element elementor-element-25a0db9 elementor-widget elementor-widget-text-editor\" data-id=\"25a0db9\" data-element_type=\"widget\" data-e-type=\"widget\" data-widget_type=\"text-editor.default\">\n\t\t\t\t<div class=\"elementor-widget-container\">\n\t\t\t\t\t\t\t\t\t<p>C\u00f4t\u00e9 traiteur<br \/>Buffet d\u00eenatoire &amp; d\u00e9jeunatoire, plat unique\u2026<\/p>\t\t\t\t\t\t\t\t<\/div>\n\t\t\t\t<\/div>\n\t\t\t\t<div class=\"elementor-element elementor-element-24a3e67 elementor-align-center elementor-widget__width-initial elementor-widget elementor-widget-button\" data-id=\"24a3e67\" data-element_type=\"widget\" data-e-type=\"widget\" data-widget_type=\"button.default\">\n\t\t\t\t<div class=\"elementor-widget-container\">\n\t\t\t\t\t\t\t\t\t<div class=\"elementor-button-wrapper\">\n\t\t\t\t\t<a class=\"elementor-button elementor-size-sm\" role=\"button\">\n\t\t\t\t\t\t<span class=\"elementor-button-content-wrapper\">\n\t\t\t\t\t\t\t\t\t<span class=\"elementor-button-text\">Nous contacter<\/span>\n\t\t\t\t\t<\/span>\n\t\t\t\t\t<\/a>\n\t\t\t\t<\/div>\n\t\t\t\t\t\t\t\t<\/div>\n\t\t\t\t<\/div>\n\t\t\t\t\t<\/div>\n\t\t<\/div>\n\t\t\t\t\t<\/div>\n\t\t<\/section>\n\t\t\t\t<section class=\"elementor-section elementor-top-section elementor-element elementor-element-3c2fc30 elementor-section-boxed elementor-section-height-default elementor-section-height-default\" data-id=\"3c2fc30\" data-element_type=\"section\" data-e-type=\"section\">\n\t\t\t\t\t\t<div class=\"elementor-container elementor-column-gap-custom\">\n\t\t\t\t\t<div class=\"elementor-column elementor-col-50 elementor-top-column elementor-element elementor-element-292a586\" data-id=\"292a586\" data-element_type=\"column\" data-e-type=\"column\">\n\t\t\t<div class=\"elementor-widget-wrap elementor-element-populated\">\n\t\t\t\t\t\t<div class=\"elementor-element elementor-element-799b6ed elementor-widget elementor-widget-image\" data-id=\"799b6ed\" data-element_type=\"widget\" data-e-type=\"widget\" data-widget_type=\"image.default\">\n\t\t\t\t<div class=\"elementor-widget-container\">\n\t\t\t\t\t\t\t\t\t\t\t\t\t\t\t<img decoding=\"async\" src=\"https:\/\/lasoleiade.fr\/wp-content\/uploads\/elementor\/thumbs\/logo_soleiade_Plan-de-travail-1-copie-10-p7ch66k34z7bwwtu4nnqhjixvk5zrv7k2e0xsfejm8.png\" title=\"logo_soleiade_Plan de travail 1 copie 10\" alt=\"logo_soleiade_Plan de travail 1 copie 10\" loading=\"lazy\" \/>\t\t\t\t\t\t\t\t\t\t\t\t\t\t\t<\/div>\n\t\t\t\t<\/div>\n\t\t\t\t<div class=\"elementor-element elementor-element-6cc85c7 elementor-shape-circle e-grid-align-left elementor-grid-0 elementor-widget elementor-widget-social-icons\" data-id=\"6cc85c7\" data-element_type=\"widget\" data-e-type=\"widget\" data-widget_type=\"social-icons.default\">\n\t\t\t\t<div class=\"elementor-widget-container\">\n\t\t\t\t\t\t\t<div class=\"elementor-social-icons-wrapper elementor-grid\" role=\"list\">\n\t\t\t\t\t\t\t<span class=\"elementor-grid-item\" role=\"listitem\">\n\t\t\t\t\t<a class=\"elementor-icon elementor-social-icon elementor-social-icon-facebook elementor-repeater-item-5bb82ec\" href=\"https:\/\/www.facebook.com\/Noelletmatthieu\" target=\"_blank\">\n\t\t\t\t\t\t<span class=\"elementor-screen-only\">Facebook<\/span>\n\t\t\t\t\t\t<i aria-hidden=\"true\" class=\"fab fa-facebook\"><\/i>\t\t\t\t\t<\/a>\n\t\t\t\t<\/span>\n\t\t\t\t\t\t\t<span class=\"elementor-grid-item\" role=\"listitem\">\n\t\t\t\t\t<a class=\"elementor-icon elementor-social-icon elementor-social-icon-instagram elementor-repeater-item-cda5b56\" href=\"https:\/\/www.instagram.com\/lasoleiade\/\" target=\"_blank\">\n\t\t\t\t\t\t<span class=\"elementor-screen-only\">Instagram<\/span>\n\t\t\t\t\t\t<i aria-hidden=\"true\" class=\"fab fa-instagram\"><\/i>\t\t\t\t\t<\/a>\n\t\t\t\t<\/span>\n\t\t\t\t\t<\/div>\n\t\t\t\t\t\t<\/div>\n\t\t\t\t<\/div>\n\t\t\t\t<div class=\"elementor-element elementor-element-6d25caf elementor-widget elementor-widget-text-editor\" data-id=\"6d25caf\" data-element_type=\"widget\" data-e-type=\"widget\" data-widget_type=\"text-editor.default\">\n\t\t\t\t<div class=\"elementor-widget-container\">\n\t\t\t\t\t\t\t\t\t<p><strong><span style=\"vertical-align: inherit;\">La Sole\u00efade<br \/><\/span><\/strong><span style=\"vertical-align: inherit;\"><a href=\"https:\/\/maps.app.goo.gl\/EYg9s3yNQiXhKVtv9\">32 Rte du Camp de C\u00e9sar, 30200 ORSAN, France<\/a><br \/><\/span><span style=\"vertical-align: inherit;\">soleiade.noma@orange.fr \u2022 04 66 90 09 09\u00a0<\/span><\/p><p>Ouvert les mercredis, jeudis et vendredis (midi + soir) et les samedis soirs<\/p><p>Vous souhaitez manger chez-nous ? Appelez-nous<\/p>\t\t\t\t\t\t\t\t<\/div>\n\t\t\t\t<\/div>\n\t\t\t\t\t<\/div>\n\t\t<\/div>\n\t\t\t\t<div class=\"elementor-column elementor-col-50 elementor-top-column elementor-element elementor-element-1f8a863\" data-id=\"1f8a863\" data-element_type=\"column\" data-e-type=\"column\">\n\t\t\t<div class=\"elementor-widget-wrap elementor-element-populated\">\n\t\t\t\t\t\t<div class=\"elementor-element elementor-element-0d44e0f elementor-widget elementor-widget-text-editor\" data-id=\"0d44e0f\" data-element_type=\"widget\" data-e-type=\"widget\" data-widget_type=\"text-editor.default\">\n\t\t\t\t<div class=\"elementor-widget-container\">\n\t\t\t\t\t\t\t\t\t<p class=\"p1\"><b>\u2705\ufe0f\u00a0 Moyens de paiement accept\u00e9s<br \/><\/b>esp\u00e8ces I cartes bancaires I tickets restaurant maximum 2\/pers. I ch\u00e8ques vacances + connect sans limite (nous ne rendons pas la monnaie sur ces deux derniers moyens de paiement papier).<\/p><p class=\"p1\">\ud83d\uded1 <strong>Nous n\u2019acceptons pas les ch\u00e8ques<\/strong><\/p>\t\t\t\t\t\t\t\t<\/div>\n\t\t\t\t<\/div>\n\t\t\t\t<div class=\"elementor-element elementor-element-bc0f1f5 elementor-widget elementor-widget-image-gallery\" data-id=\"bc0f1f5\" data-element_type=\"widget\" data-e-type=\"widget\" data-widget_type=\"image-gallery.default\">\n\t\t\t\t<div class=\"elementor-widget-container\">\n\t\t\t\t\t\t\t<div class=\"elementor-image-gallery\">\n\t\t\t<div id='gallery-1' class='gallery galleryid-1950 gallery-columns-3 gallery-size-medium'><figure class='gallery-item'>\n\t\t\t<div class='gallery-icon landscape'>\n\t\t\t\t<a data-elementor-open-lightbox=\"yes\" data-elementor-lightbox-slideshow=\"bc0f1f5\" data-elementor-lightbox-title=\"logos_\" data-e-action-hash=\"#elementor-action%3Aaction%3Dlightbox%26settings%3DeyJpZCI6MzY1LCJ1cmwiOiJodHRwczpcL1wvbGFzb2xlaWFkZS5mclwvd3AtY29udGVudFwvdXBsb2Fkc1wvMjAyMVwvMDVcL2xvZ29zXy5qcGciLCJzbGlkZXNob3ciOiJiYzBmMWY1In0%3D\" href='https:\/\/lasoleiade.fr\/wp-content\/uploads\/2021\/05\/logos_.jpg'><img decoding=\"async\" width=\"241\" height=\"153\" src=\"https:\/\/lasoleiade.fr\/wp-content\/uploads\/2021\/05\/logos_.jpg\" class=\"attachment-medium size-medium\" alt=\"\" sizes=\"100vw\" \/><\/a>\n\t\t\t<\/div><\/figure><figure class='gallery-item'>\n\t\t\t<div class='gallery-icon landscape'>\n\t\t\t\t<a data-elementor-open-lightbox=\"yes\" data-elementor-lightbox-slideshow=\"bc0f1f5\" data-elementor-lightbox-title=\"logos_2\" data-e-action-hash=\"#elementor-action%3Aaction%3Dlightbox%26settings%3DeyJpZCI6MzY2LCJ1cmwiOiJodHRwczpcL1wvbGFzb2xlaWFkZS5mclwvd3AtY29udGVudFwvdXBsb2Fkc1wvMjAyMVwvMDVcL2xvZ29zXzIuanBnIiwic2xpZGVzaG93IjoiYmMwZjFmNSJ9\" href='https:\/\/lasoleiade.fr\/wp-content\/uploads\/2021\/05\/logos_2.jpg'><img decoding=\"async\" width=\"241\" height=\"153\" src=\"https:\/\/lasoleiade.fr\/wp-content\/uploads\/2021\/05\/logos_2.jpg\" class=\"attachment-medium size-medium\" alt=\"\" sizes=\"100vw\" \/><\/a>\n\t\t\t<\/div><\/figure>\n\t\t<\/div>\n\t\t<\/div>\n\t\t\t\t\t\t<\/div>\n\t\t\t\t<\/div>\n\t\t\t\t<div class=\"elementor-element elementor-element-98e4945 elementor-widget elementor-widget-heading\" data-id=\"98e4945\" data-element_type=\"widget\" data-e-type=\"widget\" data-widget_type=\"heading.default\">\n\t\t\t\t<div class=\"elementor-widget-container\">\n\t\t\t\t\t<h2 class=\"elementor-heading-title elementor-size-small\"><a href=\"https:\/\/lasoleiade.fr\/wp-content\/uploads\/2021\/06\/mentions_legales_la_soleiade.pdf\">mentions l\u00e9gales<\/a><\/h2>\t\t\t\t<\/div>\n\t\t\t\t<\/div>\n\t\t\t\t\t<\/div>\n\t\t<\/div>\n\t\t\t\t\t<\/div>\n\t\t<\/section>\n\t\t\t\t<\/div>\n\t\t","protected":false},"excerpt":{"rendered":"<p>VINS &amp; BOISSONS MENUS SP\u00c9CIALIT\u00c9S &amp; TRUFFES PIZZAS DESSERTS \u00a0 Planche de fromages de No\u00eblle \u2022 15,00\u20ac LE COIN DE DELPHINE dans le menu \u00e0 40\u20ac ou a la carte. Mousse au chocolat( blanc d&rsquo;oeuf)\u00a0 tr\u00e8s chocolat, chocolat chaud amandes &amp; noisettes \u2022 7\u20ac Assiette\u00a0 de fruits frais du moment \u2022 7\u20ac Cr\u00e8me Alpine aux &hellip; <\/p>\n<p class=\"link-more\"><a href=\"https:\/\/lasoleiade.fr\/?page_id=1950\" class=\"more-link\">Continuer la lecture<span class=\"screen-reader-text\"> de &laquo;&nbsp;Desserts&nbsp;&raquo;<\/span><\/a><\/p>\n","protected":false},"author":1,"featured_media":0,"parent":0,"menu_order":0,"comment_status":"closed","ping_status":"closed","template":"elementor_canvas","meta":{"footnotes":""},"class_list":["post-1950","page","type-page","status-publish","hentry"],"_links":{"self":[{"href":"https:\/\/lasoleiade.fr\/index.php?rest_route=\/wp\/v2\/pages\/1950","targetHints":{"allow":["GET"]}}],"collection":[{"href":"https:\/\/lasoleiade.fr\/index.php?rest_route=\/wp\/v2\/pages"}],"about":[{"href":"https:\/\/lasoleiade.fr\/index.php?rest_route=\/wp\/v2\/types\/page"}],"author":[{"embeddable":true,"href":"https:\/\/lasoleiade.fr\/index.php?rest_route=\/wp\/v2\/users\/1"}],"replies":[{"embeddable":true,"href":"https:\/\/lasoleiade.fr\/index.php?rest_route=%2Fwp%2Fv2%2Fcomments&post=1950"}],"version-history":[{"count":230,"href":"https:\/\/lasoleiade.fr\/index.php?rest_route=\/wp\/v2\/pages\/1950\/revisions"}],"predecessor-version":[{"id":3729,"href":"https:\/\/lasoleiade.fr\/index.php?rest_route=\/wp\/v2\/pages\/1950\/revisions\/3729"}],"wp:attachment":[{"href":"https:\/\/lasoleiade.fr\/index.php?rest_route=%2Fwp%2Fv2%2Fmedia&parent=1950"}],"curies":[{"name":"wp","href":"https:\/\/api.w.org\/{rel}","templated":true}]}}